{"id":2894,"date":"2026-01-16T05:52:59","date_gmt":"2026-01-16T05:52:59","guid":{"rendered":"https:\/\/nogales.gob.mx\/portal\/?page_id=2894"},"modified":"2026-01-16T05:53:35","modified_gmt":"2026-01-16T05:53:35","slug":"terminos-y-condiciones-de-uso","status":"publish","type":"page","link":"https:\/\/nogales.gob.mx\/portal\/index.php\/terminos-y-condiciones-de-uso\/","title":{"rendered":"T\u00e9rminos y Condiciones de Uso"},"content":{"rendered":"\t\t<div data-elementor-type=\"wp-page\" data-elementor-id=\"2894\" class=\"elementor elementor-2894\" data-elementor-post-type=\"page\">\n\t\t\t\t<div class=\"elementor-element elementor-element-129692f2 e-flex e-con-boxed e-con e-parent\" data-id=\"129692f2\" data-element_type=\"container\">\n\t\t\t\t\t<div class=\"e-con-inner\">\n\t\t<div class=\"elementor-element elementor-element-50e5fb37 e-con-full e-flex e-con e-child\" data-id=\"50e5fb37\" data-element_type=\"container\" data-settings=\"{&quot;background_background&quot;:&quot;classic&quot;}\">\n\t\t\t\t<div class=\"elementor-element elementor-element-46537481 elementor-widget elementor-widget-image\" data-id=\"46537481\" data-element_type=\"widget\" data-widget_type=\"image.default\">\n\t\t\t\t\t\t\t\t\t\t\t\t\t\t\t<img fetchpriority=\"high\" decoding=\"async\" width=\"596\" height=\"597\" src=\"https:\/\/nogales.gob.mx\/portal\/wp-content\/uploads\/2026\/01\/Logotipo-Blanco-Fondo-1.png\" class=\"attachment-large size-large wp-image-2876\" alt=\"\" srcset=\"https:\/\/nogales.gob.mx\/portal\/wp-content\/uploads\/2026\/01\/Logotipo-Blanco-Fondo-1.png 596w, https:\/\/nogales.gob.mx\/portal\/wp-content\/uploads\/2026\/01\/Logotipo-Blanco-Fondo-1-300x300.png 300w, https:\/\/nogales.gob.mx\/portal\/wp-content\/uploads\/2026\/01\/Logotipo-Blanco-Fondo-1-150x150.png 150w\" sizes=\"(max-width: 596px) 100vw, 596px\" \/>\t\t\t\t\t\t\t\t\t\t\t\t\t\t\t<\/div>\n\t\t\t\t<\/div>\n\t\t<div class=\"elementor-element elementor-element-4e8e559e e-con-full e-flex e-con e-child\" data-id=\"4e8e559e\" data-element_type=\"container\">\n\t\t\t\t<div class=\"elementor-element elementor-element-1c34ed39 elementor-widget elementor-widget-heading\" data-id=\"1c34ed39\" data-element_type=\"widget\" data-widget_type=\"heading.default\">\n\t\t\t\t\t<h2 class=\"elementor-heading-title elementor-size-default\">T\u00e9rminos y Condiciones de Uso<\/h2>\t\t\t\t<\/div>\n\t\t\t\t<div class=\"elementor-element elementor-element-779a425f elementor-widget elementor-widget-text-editor\" data-id=\"779a425f\" data-element_type=\"widget\" data-widget_type=\"text-editor.default\">\n\t\t\t\t\t\t\t\t\t<p data-start=\"1908\" data-end=\"2248\">El acceso, navegaci\u00f3n y uso del sitio web oficial del <strong data-start=\"1962\" data-end=\"2002\">H. Ayuntamiento de Nogales, Veracruz<\/strong>, confiere la condici\u00f3n de usuario y supone la aceptaci\u00f3n plena de los presentes T\u00e9rminos y Condiciones de Uso. El contenido de este portal tiene como finalidad proporcionar informaci\u00f3n p\u00fablica, institucional y de inter\u00e9s general a la ciudadan\u00eda.<\/p><p data-start=\"2250\" data-end=\"2653\">La informaci\u00f3n publicada en este sitio web es de car\u00e1cter informativo y puede ser actualizada, modificada o corregida sin previo aviso, con el objetivo de mejorar la calidad de los servicios digitales ofrecidos. El Ayuntamiento no garantiza que la informaci\u00f3n se encuentre permanentemente actualizada en tiempo real, pero se compromete a realizar esfuerzos continuos para mantenerla vigente y confiable.<\/p><p data-start=\"2655\" data-end=\"2988\">Queda estrictamente prohibido el uso del contenido del sitio para fines il\u00edcitos, comerciales o distintos a los institucionales, as\u00ed como la alteraci\u00f3n, reproducci\u00f3n o distribuci\u00f3n total o parcial de la informaci\u00f3n sin autorizaci\u00f3n previa. El uso indebido del sitio web o de sus contenidos ser\u00e1 responsabilidad exclusiva del usuario.<\/p><p data-start=\"2990\" data-end=\"3235\">El <strong data-start=\"2993\" data-end=\"3029\">H. Ayuntamiento de Nogales, Ver.<\/strong> se reserva el derecho de modificar en cualquier momento los presentes T\u00e9rminos y Condiciones, siendo responsabilidad del usuario revisarlos peri\u00f3dicamente para conocer las actualizaciones correspondientes.<\/p>\t\t\t\t\t\t\t\t<\/div>\n\t\t\t\t<\/div>\n\t\t\t\t\t<\/div>\n\t\t\t\t<\/div>\n\t\t\t\t<\/div>\n\t\t","protected":false},"excerpt":{"rendered":"<p>T\u00e9rminos y Condiciones de Uso El acceso, navegaci\u00f3n y uso del sitio web oficial del H. Ayuntamiento de Nogales, Veracruz,<\/p>\n","protected":false},"author":1,"featured_media":0,"parent":0,"menu_order":0,"comment_status":"closed","ping_status":"closed","template":"elementor_header_footer","meta":{"colormag_page_container_layout":"default_layout","colormag_page_sidebar_layout":"default_layout","footnotes":""},"class_list":["post-2894","page","type-page","status-publish","hentry"],"_links":{"self":[{"href":"https:\/\/nogales.gob.mx\/portal\/index.php\/wp-json\/wp\/v2\/pages\/2894","targetHints":{"allow":["GET"]}}],"collection":[{"href":"https:\/\/nogales.gob.mx\/portal\/index.php\/wp-json\/wp\/v2\/pages"}],"about":[{"href":"https:\/\/nogales.gob.mx\/portal\/index.php\/wp-json\/wp\/v2\/types\/page"}],"author":[{"embeddable":true,"href":"https:\/\/nogales.gob.mx\/portal\/index.php\/wp-json\/wp\/v2\/users\/1"}],"replies":[{"embeddable":true,"href":"https:\/\/nogales.gob.mx\/portal\/index.php\/wp-json\/wp\/v2\/comments?post=2894"}],"version-history":[{"count":4,"href":"https:\/\/nogales.gob.mx\/portal\/index.php\/wp-json\/wp\/v2\/pages\/2894\/revisions"}],"predecessor-version":[{"id":2899,"href":"https:\/\/nogales.gob.mx\/portal\/index.php\/wp-json\/wp\/v2\/pages\/2894\/revisions\/2899"}],"wp:attachment":[{"href":"https:\/\/nogales.gob.mx\/portal\/index.php\/wp-json\/wp\/v2\/media?parent=2894"}],"curies":[{"name":"wp","href":"https:\/\/api.w.org\/{rel}","templated":true}]}}