{"id":2870,"date":"2026-01-16T05:43:20","date_gmt":"2026-01-16T05:43:20","guid":{"rendered":"https:\/\/nogales.gob.mx\/portal\/?page_id=2870"},"modified":"2026-01-16T05:49:23","modified_gmt":"2026-01-16T05:49:23","slug":"aviso-de-privacidad","status":"publish","type":"page","link":"https:\/\/nogales.gob.mx\/portal\/index.php\/aviso-de-privacidad\/","title":{"rendered":"Aviso de Privacidad"},"content":{"rendered":"\t\t<div data-elementor-type=\"wp-page\" data-elementor-id=\"2870\" class=\"elementor elementor-2870\" data-elementor-post-type=\"page\">\n\t\t\t\t<div class=\"elementor-element elementor-element-e383793 e-flex e-con-boxed e-con e-parent\" data-id=\"e383793\" data-element_type=\"container\">\n\t\t\t\t\t<div class=\"e-con-inner\">\n\t\t<div class=\"elementor-element elementor-element-4d71a82 e-con-full e-flex e-con e-child\" data-id=\"4d71a82\" data-element_type=\"container\" data-settings=\"{&quot;background_background&quot;:&quot;classic&quot;}\">\n\t\t\t\t<div class=\"elementor-element elementor-element-eecfc17 elementor-widget elementor-widget-image\" data-id=\"eecfc17\" data-element_type=\"widget\" data-widget_type=\"image.default\">\n\t\t\t\t\t\t\t\t\t\t\t\t\t\t\t<img fetchpriority=\"high\" decoding=\"async\" width=\"596\" height=\"597\" src=\"https:\/\/nogales.gob.mx\/portal\/wp-content\/uploads\/2026\/01\/Logotipo-Blanco-Fondo-1.png\" class=\"attachment-large size-large wp-image-2876\" alt=\"\" srcset=\"https:\/\/nogales.gob.mx\/portal\/wp-content\/uploads\/2026\/01\/Logotipo-Blanco-Fondo-1.png 596w, https:\/\/nogales.gob.mx\/portal\/wp-content\/uploads\/2026\/01\/Logotipo-Blanco-Fondo-1-300x300.png 300w, https:\/\/nogales.gob.mx\/portal\/wp-content\/uploads\/2026\/01\/Logotipo-Blanco-Fondo-1-150x150.png 150w\" sizes=\"(max-width: 596px) 100vw, 596px\" \/>\t\t\t\t\t\t\t\t\t\t\t\t\t\t\t<\/div>\n\t\t\t\t<\/div>\n\t\t<div class=\"elementor-element elementor-element-62240b9 e-con-full e-flex e-con e-child\" data-id=\"62240b9\" data-element_type=\"container\">\n\t\t\t\t<div class=\"elementor-element elementor-element-41ff582 elementor-widget elementor-widget-heading\" data-id=\"41ff582\" data-element_type=\"widget\" data-widget_type=\"heading.default\">\n\t\t\t\t\t<h2 class=\"elementor-heading-title elementor-size-default\">Aviso de privacidad<\/h2>\t\t\t\t<\/div>\n\t\t\t\t<div class=\"elementor-element elementor-element-f04f9dd elementor-widget elementor-widget-text-editor\" data-id=\"f04f9dd\" data-element_type=\"widget\" data-widget_type=\"text-editor.default\">\n\t\t\t\t\t\t\t\t\t<p data-start=\"263\" data-end=\"667\">El <strong data-start=\"266\" data-end=\"306\">H. Ayuntamiento de Nogales, Veracruz<\/strong>, con domicilio en <strong data-start=\"325\" data-end=\"381\">Av. Ju\u00e1rez #244, Colonia Centro, C\u00f3digo Postal 94720<\/strong>, es el sujeto responsable del uso, protecci\u00f3n y tratamiento de los datos personales que, en su caso, sean recabados a trav\u00e9s del sitio web oficial, en cumplimiento de lo dispuesto por la legislaci\u00f3n vigente en materia de protecci\u00f3n de datos personales en posesi\u00f3n de sujetos obligados.<\/p><p data-start=\"669\" data-end=\"1158\">Los datos personales que se recaben por medio de formularios, correos electr\u00f3nicos o cualquier otro medio digital ser\u00e1n utilizados exclusivamente para fines institucionales, tales como la atenci\u00f3n de solicitudes ciudadanas, tr\u00e1mites, servicios municipales, comentarios, quejas, sugerencias o cualquier gesti\u00f3n relacionada con las atribuciones del Ayuntamiento. En ning\u00fan caso los datos personales ser\u00e1n utilizados para fines distintos a los aqu\u00ed se\u00f1alados, salvo disposici\u00f3n legal expresa.<\/p><p data-start=\"1160\" data-end=\"1575\">El titular de los datos personales tiene derecho a conocer qu\u00e9 datos se poseen, para qu\u00e9 se utilizan y las condiciones de su tratamiento, as\u00ed como a ejercer sus derechos de <strong data-start=\"1333\" data-end=\"1399\">Acceso, Rectificaci\u00f3n, Cancelaci\u00f3n u Oposici\u00f3n (Derechos ARCO)<\/strong>, mediante solicitud dirigida al correo electr\u00f3nico <strong data-start=\"1451\" data-end=\"1478\"><a class=\"decorated-link cursor-pointer\" rel=\"noopener\" data-start=\"1453\" data-end=\"1476\">contacto@nogales.gob.mx<\/a><\/strong>, o bien comunic\u00e1ndose al tel\u00e9fono <strong data-start=\"1513\" data-end=\"1532\">(272) 727 09 60<\/strong>, en t\u00e9rminos de la normatividad aplicable.<\/p><p data-start=\"1577\" data-end=\"1864\">El presente Aviso de Privacidad podr\u00e1 ser actualizado o modificado en cualquier momento como consecuencia de cambios normativos, pol\u00edticas internas o nuevos requerimientos institucionales. Dichas modificaciones se har\u00e1n del conocimiento de la ciudadan\u00eda a trav\u00e9s de este mismo sitio web.<\/p>\t\t\t\t\t\t\t\t<\/div>\n\t\t\t\t<\/div>\n\t\t\t\t\t<\/div>\n\t\t\t\t<\/div>\n\t\t\t\t<\/div>\n\t\t","protected":false},"excerpt":{"rendered":"<p>Aviso de privacidad El H. Ayuntamiento de Nogales, Veracruz, con domicilio en Av. Ju\u00e1rez #244, Colonia Centro, C\u00f3digo Postal 94720,<\/p>\n","protected":false},"author":1,"featured_media":0,"parent":0,"menu_order":0,"comment_status":"closed","ping_status":"closed","template":"elementor_header_footer","meta":{"colormag_page_container_layout":"default_layout","colormag_page_sidebar_layout":"default_layout","footnotes":""},"class_list":["post-2870","page","type-page","status-publish","hentry"],"_links":{"self":[{"href":"https:\/\/nogales.gob.mx\/portal\/index.php\/wp-json\/wp\/v2\/pages\/2870","targetHints":{"allow":["GET"]}}],"collection":[{"href":"https:\/\/nogales.gob.mx\/portal\/index.php\/wp-json\/wp\/v2\/pages"}],"about":[{"href":"https:\/\/nogales.gob.mx\/portal\/index.php\/wp-json\/wp\/v2\/types\/page"}],"author":[{"embeddable":true,"href":"https:\/\/nogales.gob.mx\/portal\/index.php\/wp-json\/wp\/v2\/users\/1"}],"replies":[{"embeddable":true,"href":"https:\/\/nogales.gob.mx\/portal\/index.php\/wp-json\/wp\/v2\/comments?post=2870"}],"version-history":[{"count":16,"href":"https:\/\/nogales.gob.mx\/portal\/index.php\/wp-json\/wp\/v2\/pages\/2870\/revisions"}],"predecessor-version":[{"id":2888,"href":"https:\/\/nogales.gob.mx\/portal\/index.php\/wp-json\/wp\/v2\/pages\/2870\/revisions\/2888"}],"wp:attachment":[{"href":"https:\/\/nogales.gob.mx\/portal\/index.php\/wp-json\/wp\/v2\/media?parent=2870"}],"curies":[{"name":"wp","href":"https:\/\/api.w.org\/{rel}","templated":true}]}}